{"id":4790,"date":"2024-07-25T19:59:35","date_gmt":"2024-07-25T17:59:35","guid":{"rendered":"https:\/\/lybie.diplomatie.gov.bf\/?page_id=4790"},"modified":"2024-09-20T10:55:02","modified_gmt":"2024-09-20T08:55:02","slug":"sinscrire","status":"publish","type":"page","link":"https:\/\/libye.diplomatie.gov.bf\/index.php\/sinscrire\/","title":{"rendered":"S&rsquo;immatriculer"},"content":{"rendered":"\t\t<div data-elementor-type=\"wp-page\" data-elementor-id=\"4790\" class=\"elementor elementor-4790\" data-elementor-post-type=\"page\">\n\t\t\t\t<div data-particle_enable=\"false\" data-particle-mobile-disabled=\"false\" class=\"elementor-element elementor-element-e58bac2 e-flex e-con-boxed e-con e-parent\" data-id=\"e58bac2\" data-element_type=\"container\" data-e-type=\"container\">\n\t\t\t\t\t<div class=\"e-con-inner\">\n\t\t\t\t<div class=\"elementor-element elementor-element-3e0ff12 elementor-widget elementor-widget-text-editor\" data-id=\"3e0ff12\" data-element_type=\"widget\" data-e-type=\"widget\" data-widget_type=\"text-editor.default\">\n\t\t\t\t<div class=\"elementor-widget-container\">\n\t\t\t\t\t\t\t\t\t<p>De la volont\u00e9 du Capitaine\u00a0<strong>Ibrahim TRAORE<\/strong>, Chef de l\u2019Etat, et sous l\u2019impulsion de<strong>\u00a0SEM Karamoko Jean Marie TRAORE<\/strong>, Ministre des Affaires Etrang\u00e8res, de la Coop\u00e9ration R\u00e9gionale et des Burkinab\u00e8 de l\u2019Ext\u00e9rieur, une plateforme permettant aux burkinab\u00e8 de l\u2019\u00e9tranger de pouvoir s\u2019immatriculer est en cours de d\u00e9veloppement.<\/p><p><strong>La dite plateforme sera disponible tr\u00e8s bient\u00f4t.\u00a0<\/strong><\/p><h4>Restez connecter\u2026<\/h4>\t\t\t\t\t\t\t\t<\/div>\n\t\t\t\t<\/div>\n\t\t\t\t\t<\/div>\n\t\t\t\t<\/div>\n\t\t\t\t<\/div>\n\t\t","protected":false},"excerpt":{"rendered":"<p>De la volont\u00e9 du Capitaine\u00a0Ibrahim TRAORE, Chef de l\u2019Etat, et sous l\u2019impulsion de\u00a0SEM Karamoko Jean Marie TRAORE, Ministre des Affaires Etrang\u00e8res, de la Coop\u00e9ration R\u00e9gionale et des Burkinab\u00e8 de l\u2019Ext\u00e9rieur, une plateforme permettant aux burkinab\u00e8 de l\u2019\u00e9tranger de pouvoir s\u2019immatriculer est en cours de d\u00e9veloppement. La dite plateforme sera disponible tr\u00e8s bient\u00f4t.\u00a0 Restez connecter\u2026<\/p>\n","protected":false},"author":9,"featured_media":0,"parent":0,"menu_order":0,"comment_status":"closed","ping_status":"closed","template":"elementor_header_footer","meta":{"_acf_changed":false,"_monsterinsights_skip_tracking":false,"_monsterinsights_sitenote_active":false,"_monsterinsights_sitenote_note":"","_monsterinsights_sitenote_category":0,"footnotes":""},"class_list":["post-4790","page","type-page","status-publish","hentry"],"acf":[],"_links":{"self":[{"href":"https:\/\/libye.diplomatie.gov.bf\/index.php\/wp-json\/wp\/v2\/pages\/4790","targetHints":{"allow":["GET"]}}],"collection":[{"href":"https:\/\/libye.diplomatie.gov.bf\/index.php\/wp-json\/wp\/v2\/pages"}],"about":[{"href":"https:\/\/libye.diplomatie.gov.bf\/index.php\/wp-json\/wp\/v2\/types\/page"}],"author":[{"embeddable":true,"href":"https:\/\/libye.diplomatie.gov.bf\/index.php\/wp-json\/wp\/v2\/users\/9"}],"replies":[{"embeddable":true,"href":"https:\/\/libye.diplomatie.gov.bf\/index.php\/wp-json\/wp\/v2\/comments?post=4790"}],"version-history":[{"count":5,"href":"https:\/\/libye.diplomatie.gov.bf\/index.php\/wp-json\/wp\/v2\/pages\/4790\/revisions"}],"predecessor-version":[{"id":4922,"href":"https:\/\/libye.diplomatie.gov.bf\/index.php\/wp-json\/wp\/v2\/pages\/4790\/revisions\/4922"}],"wp:attachment":[{"href":"https:\/\/libye.diplomatie.gov.bf\/index.php\/wp-json\/wp\/v2\/media?parent=4790"}],"curies":[{"name":"wp","href":"https:\/\/api.w.org\/{rel}","templated":true}]}}