{"id":3980,"date":"2024-06-27T11:37:08","date_gmt":"2024-06-27T09:37:08","guid":{"rendered":"https:\/\/lybie.diplomatie.gov.bf\/?page_id=3980"},"modified":"2024-12-13T14:54:12","modified_gmt":"2024-12-13T13:54:12","slug":"le-personnel","status":"publish","type":"page","link":"https:\/\/libye.diplomatie.gov.bf\/index.php\/le-personnel\/","title":{"rendered":"Le personnel"},"content":{"rendered":"\t\t<div data-elementor-type=\"wp-page\" data-elementor-id=\"3980\" class=\"elementor elementor-3980\" data-elementor-post-type=\"page\">\n\t\t\t\t<div data-particle_enable=\"false\" data-particle-mobile-disabled=\"false\" class=\"elementor-element elementor-element-4eb88673 e-flex e-con-boxed elementor-invisible e-con e-parent\" data-id=\"4eb88673\" data-element_type=\"container\" data-e-type=\"container\" data-settings=\"{&quot;background_background&quot;:&quot;classic&quot;,&quot;animation&quot;:&quot;slideInLeft&quot;}\">\n\t\t\t\t\t<div class=\"e-con-inner\">\n\t\t<div data-particle_enable=\"false\" data-particle-mobile-disabled=\"false\" class=\"elementor-element elementor-element-7884ee44 e-con-full e-flex elementor-invisible e-con e-child\" data-id=\"7884ee44\" data-element_type=\"container\" data-e-type=\"container\" data-settings=\"{&quot;animation&quot;:&quot;fadeInLeft&quot;}\">\n\t\t\t\t<div class=\"elementor-element elementor-element-493a66f elementor-widget elementor-widget-tg-team\" data-id=\"493a66f\" data-element_type=\"widget\" data-e-type=\"widget\" data-widget_type=\"tg-team.default\">\n\t\t\t\t<div class=\"elementor-widget-container\">\n\t\t\t\t\t\r\n\r\n\r\n        \r\n            <div class=\"team-item-wrap\">\r\n                <div class=\"row justify-content-center\">\r\n                                            <div class=\"col-xl-3 col-lg-4 col-md-6 col-sm-8\">\r\n                            <div class=\"team-item\">\r\n                                <div class=\"team-thumb\">\r\n                                                                            <img decoding=\"async\" src=\"https:\/\/libye.diplomatie.gov.bf\/wp-content\/uploads\/sites\/49\/2024\/09\/usrrman.png\" alt=\"\">\r\n                                                                                                        <\/div>\r\n                                <div class=\"team-content\">\r\n                                    <h4 class=\"title\"><a href=\"#\">M.<\/a><\/h4>\r\n                                                                            <span>Ambassadeur<\/span>\r\n                                                                    <\/div>\r\n                            <\/div>\r\n                        <\/div>\r\n                                            <div class=\"col-xl-3 col-lg-4 col-md-6 col-sm-8\">\r\n                            <div class=\"team-item\">\r\n                                <div class=\"team-thumb\">\r\n                                                                            <img decoding=\"async\" src=\"https:\/\/libye.diplomatie.gov.bf\/wp-content\/uploads\/sites\/49\/2024\/09\/usrrman.png\" alt=\"\">\r\n                                                                                                        <\/div>\r\n                                <div class=\"team-content\">\r\n                                    <h4 class=\"title\"><a href=\"#\">M.<\/a><\/h4>\r\n                                                                            <span>Deuxi\u00e8me Conseiller<\/span>\r\n                                                                    <\/div>\r\n                            <\/div>\r\n                        <\/div>\r\n                                            <div class=\"col-xl-3 col-lg-4 col-md-6 col-sm-8\">\r\n                            <div class=\"team-item\">\r\n                                <div class=\"team-thumb\">\r\n                                                                            <img decoding=\"async\" src=\"https:\/\/libye.diplomatie.gov.bf\/wp-content\/uploads\/sites\/49\/2024\/09\/usrrman.png\" alt=\"\">\r\n                                                                                                        <\/div>\r\n                                <div class=\"team-content\">\r\n                                    <h4 class=\"title\"><a href=\"#\">M.<\/a><\/h4>\r\n                                                                            <span>Deuxi\u00e8me Secr\u00e9taire<\/span>\r\n                                                                    <\/div>\r\n                            <\/div>\r\n                        <\/div>\r\n                                            <div class=\"col-xl-3 col-lg-4 col-md-6 col-sm-8\">\r\n                            <div class=\"team-item\">\r\n                                <div class=\"team-thumb\">\r\n                                                                            <img decoding=\"async\" src=\"https:\/\/libye.diplomatie.gov.bf\/wp-content\/uploads\/sites\/49\/2024\/09\/usrrman.png\" alt=\"\">\r\n                                                                                                        <\/div>\r\n                                <div class=\"team-content\">\r\n                                    <h4 class=\"title\"><a href=\"#\">M.<\/a><\/h4>\r\n                                                                            <span>Attach\u00e9 d\u2019Ambassade<\/span>\r\n                                                                    <\/div>\r\n                            <\/div>\r\n                        <\/div>\r\n                                            <div class=\"col-xl-3 col-lg-4 col-md-6 col-sm-8\">\r\n                            <div class=\"team-item\">\r\n                                <div class=\"team-thumb\">\r\n                                                                            <img decoding=\"async\" src=\"https:\/\/libye.diplomatie.gov.bf\/wp-content\/uploads\/sites\/49\/2024\/09\/usrrman.png\" alt=\"\">\r\n                                                                                                        <\/div>\r\n                                <div class=\"team-content\">\r\n                                    <h4 class=\"title\"><a href=\"#\">S.<\/a><\/h4>\r\n                                                                            <span>Attach\u00e9 de D\u00e9fense<\/span>\r\n                                                                    <\/div>\r\n                            <\/div>\r\n                        <\/div>\r\n                                            <div class=\"col-xl-3 col-lg-4 col-md-6 col-sm-8\">\r\n                            <div class=\"team-item\">\r\n                                <div class=\"team-thumb\">\r\n                                                                            <img decoding=\"async\" src=\"https:\/\/libye.diplomatie.gov.bf\/wp-content\/uploads\/sites\/49\/2024\/09\/usrrman.png\" alt=\"\">\r\n                                                                                                        <\/div>\r\n                                <div class=\"team-content\">\r\n                                    <h4 class=\"title\"><a href=\"#\">D.<\/a><\/h4>\r\n                                                                            <span>Attach\u00e9<\/span>\r\n                                                                    <\/div>\r\n                            <\/div>\r\n                        <\/div>\r\n                                            <div class=\"col-xl-3 col-lg-4 col-md-6 col-sm-8\">\r\n                            <div class=\"team-item\">\r\n                                <div class=\"team-thumb\">\r\n                                                                            <img decoding=\"async\" src=\"https:\/\/libye.diplomatie.gov.bf\/wp-content\/uploads\/sites\/49\/2024\/09\/usrrman.png\" alt=\"\">\r\n                                                                                                        <\/div>\r\n                                <div class=\"team-content\">\r\n                                    <h4 class=\"title\"><a href=\"#\">G<\/a><\/h4>\r\n                                                                            <span>Tr\u00e9sorier<\/span>\r\n                                                                    <\/div>\r\n                            <\/div>\r\n                        <\/div>\r\n                                            <div class=\"col-xl-3 col-lg-4 col-md-6 col-sm-8\">\r\n                            <div class=\"team-item\">\r\n                                <div class=\"team-thumb\">\r\n                                                                            <img decoding=\"async\" src=\"https:\/\/libye.diplomatie.gov.bf\/wp-content\/uploads\/sites\/49\/2024\/09\/usrrman.png\" alt=\"\">\r\n                                                                                                        <\/div>\r\n                                <div class=\"team-content\">\r\n                                    <h4 class=\"title\"><a href=\"#\">S<\/a><\/h4>\r\n                                                                            <span>Attach\u00e9e<\/span>\r\n                                                                    <\/div>\r\n                            <\/div>\r\n                        <\/div>\r\n                                    <\/div>\r\n            <\/div>\r\n\r\n        \r\n\t\t\t\t<\/div>\n\t\t\t\t<\/div>\n\t\t\t\t<\/div>\n\t\t\t\t\t<\/div>\n\t\t\t\t<\/div>\n\t\t\t\t<\/div>\n\t\t","protected":false},"excerpt":{"rendered":"<p>M. Ambassadeur M. Deuxi\u00e8me Conseiller M. Deuxi\u00e8me Secr\u00e9taire M. Attach\u00e9 d\u2019Ambassade S. Attach\u00e9 de D\u00e9fense D. Attach\u00e9 G Tr\u00e9sorier S Attach\u00e9e<\/p>\n","protected":false},"author":4,"featured_media":0,"parent":0,"menu_order":0,"comment_status":"closed","ping_status":"closed","template":"elementor_header_footer","meta":{"_acf_changed":false,"_monsterinsights_skip_tracking":false,"_monsterinsights_sitenote_active":false,"_monsterinsights_sitenote_note":"","_monsterinsights_sitenote_category":0,"footnotes":""},"class_list":["post-3980","page","type-page","status-publish","hentry"],"acf":[],"_links":{"self":[{"href":"https:\/\/libye.diplomatie.gov.bf\/index.php\/wp-json\/wp\/v2\/pages\/3980","targetHints":{"allow":["GET"]}}],"collection":[{"href":"https:\/\/libye.diplomatie.gov.bf\/index.php\/wp-json\/wp\/v2\/pages"}],"about":[{"href":"https:\/\/libye.diplomatie.gov.bf\/index.php\/wp-json\/wp\/v2\/types\/page"}],"author":[{"embeddable":true,"href":"https:\/\/libye.diplomatie.gov.bf\/index.php\/wp-json\/wp\/v2\/users\/4"}],"replies":[{"embeddable":true,"href":"https:\/\/libye.diplomatie.gov.bf\/index.php\/wp-json\/wp\/v2\/comments?post=3980"}],"version-history":[{"count":98,"href":"https:\/\/libye.diplomatie.gov.bf\/index.php\/wp-json\/wp\/v2\/pages\/3980\/revisions"}],"predecessor-version":[{"id":5404,"href":"https:\/\/libye.diplomatie.gov.bf\/index.php\/wp-json\/wp\/v2\/pages\/3980\/revisions\/5404"}],"wp:attachment":[{"href":"https:\/\/libye.diplomatie.gov.bf\/index.php\/wp-json\/wp\/v2\/media?parent=3980"}],"curies":[{"name":"wp","href":"https:\/\/api.w.org\/{rel}","templated":true}]}}